{"id":6168,"date":"2019-11-21T12:03:42","date_gmt":"2019-11-21T12:03:42","guid":{"rendered":"http:\/\/consulting.stylemixthemes.com\/demo\/?page_id=6168"},"modified":"2024-05-19T01:21:30","modified_gmt":"2024-05-18T22:21:30","slug":"faq","status":"publish","type":"page","link":"https:\/\/decafics.com\/tr\/faq\/","title":{"rendered":"S.S.S"},"content":{"rendered":"<div class=\"wpb-content-wrapper\"><div class=\"vc_row wpb_row vc_row-fluid\"><div class=\"wpb_column vc_column_container vc_col-sm-12\"><div class=\"vc_column-inner\"><div class=\"wpb_wrapper\"><div class=\"vc_custom_heading text_align_left\" ><h2 style=\"text-align: left\" class=\"consulting-custom-title\">S.S.S<\/h2><\/div><\/div><\/div><\/div><\/div><div class=\"vc_row wpb_row vc_row-fluid\"><div class=\"wpb_column vc_column_container vc_col-sm-12 vc_col-lg-8 vc_col-md-8\"><div class=\"vc_column-inner\"><div class=\"wpb_wrapper\"><div class=\"vc_tta-container\" data-vc-action=\"collapse\"><div class=\"vc_general vc_tta vc_tta-accordion vc_tta-color-grey vc_tta-style-classic vc_tta-shape-rounded vc_tta-o-shape-group vc_tta-controls-align-default\"><div class=\"vc_tta-panels-container\"><div class=\"vc_tta-panels\"><div class=\"vc_tta-panel vc_active\" id=\"1574338169950-e0b9e6a6-2cc6\" data-vc-content=\".vc_tta-panel-body\"><div class=\"vc_tta-panel-heading\"><h4 class=\"vc_tta-panel-title vc_tta-controls-icon-position-right\"><a href=\"#1574338169950-e0b9e6a6-2cc6\" data-vc-accordion data-vc-container=\".vc_tta-container\"><span class=\"vc_tta-title-text\">Transfer i\u00e7in herhangi bir g\u00fcvenlik \u00f6nlemi var m\u0131?<\/span><i class=\"vc_tta-controls-icon vc_tta-controls-icon-plus\"><\/i><\/a><\/h4><\/div><div class=\"vc_tta-panel-body\">\n\t<div class=\"wpb_text_column wpb_content_element\" >\n\t\t<div class=\"wpb_wrapper\">\n\t\t\t<p>Evet, m\u00fc\u015fteri g\u00fcvenli\u011fi firmam\u0131z i\u00e7in en \u00f6nemli \u00f6nceliktir. T\u00fcm para transferi i\u015flemleri g\u00fcvenli bir platform \u00fczerinden ger\u00e7ekle\u015ftirilmekte olup, ki\u015fisel ve finansal bilgileriniz gizli tutulmaktad\u0131r. Ayr\u0131ca transfer tamamland\u0131ktan sonra bir onay alacaks\u0131n\u0131z.<\/p>\n\n\t\t<\/div>\n\t<\/div>\n<\/div><\/div><div class=\"vc_tta-panel\" id=\"1574338209493-2bde497c-9fb4\" data-vc-content=\".vc_tta-panel-body\"><div class=\"vc_tta-panel-heading\"><h4 class=\"vc_tta-panel-title vc_tta-controls-icon-position-right\"><a href=\"#1574338209493-2bde497c-9fb4\" data-vc-accordion data-vc-container=\".vc_tta-container\"><span class=\"vc_tta-title-text\">Uluslararas\u0131 para transferlerinde herhangi bir s\u0131n\u0131rlama var m\u0131?<\/span><i class=\"vc_tta-controls-icon vc_tta-controls-icon-plus\"><\/i><\/a><\/h4><\/div><div class=\"vc_tta-panel-body\">\n\t<div class=\"wpb_text_column wpb_content_element\" >\n\t\t<div class=\"wpb_wrapper\">\n\t\t\t<p>Transfer limitleri, transfer hizmeti sa\u011flay\u0131c\u0131n\u0131za ve ilgili \u00fclkelere g\u00f6re de\u011fi\u015fiklik g\u00f6sterir. Baz\u0131 durumlarda, belirli bir transfer tutar\u0131 i\u00e7in ek kimlik do\u011frulamas\u0131 veya belgeler gerekli olabilir. Limitler hakk\u0131nda daha fazla bilgi i\u00e7in l\u00fctfen m\u00fc\u015fteri hizmetlerimizle ileti\u015fime ge\u00e7in.<\/p>\n\n\t\t<\/div>\n\t<\/div>\n<\/div><\/div><div class=\"vc_tta-panel\" id=\"1574338208492-e38519b2-252c\" data-vc-content=\".vc_tta-panel-body\"><div class=\"vc_tta-panel-heading\"><h4 class=\"vc_tta-panel-title vc_tta-controls-icon-position-right\"><a href=\"#1574338208492-e38519b2-252c\" data-vc-accordion data-vc-container=\".vc_tta-container\"><span class=\"vc_tta-title-text\">Uluslararas\u0131 para transferlerinde hangi \u00fccretler ve d\u00f6viz kurlar\u0131 ge\u00e7erlidir?<\/span><i class=\"vc_tta-controls-icon vc_tta-controls-icon-plus\"><\/i><\/a><\/h4><\/div><div class=\"vc_tta-panel-body\">\n\t<div class=\"wpb_text_column wpb_content_element\" >\n\t\t<div class=\"wpb_wrapper\">\n\t\t\t<p>Transfer \u00fccretleri ve d\u00f6viz kurlar\u0131, transfer tutar\u0131na, g\u00f6nderen ve alan \u00fclkelere, d\u00f6viz kuru dalgalanmalar\u0131na ve transfer hizmeti sa\u011flay\u0131c\u0131s\u0131na ba\u011fl\u0131 olarak de\u011fi\u015fiklik g\u00f6sterir. Detayl\u0131 bilgi ve \u00fccret yap\u0131s\u0131 i\u00e7in l\u00fctfen m\u00fc\u015fteri hizmetlerimizle ileti\u015fime ge\u00e7in.<\/p>\n\n\t\t<\/div>\n\t<\/div>\n<\/div><\/div><div class=\"vc_tta-panel\" id=\"1574338207987-d1d0ac2b-e38b\" data-vc-content=\".vc_tta-panel-body\"><div class=\"vc_tta-panel-heading\"><h4 class=\"vc_tta-panel-title vc_tta-controls-icon-position-right\"><a href=\"#1574338207987-d1d0ac2b-e38b\" data-vc-accordion data-vc-container=\".vc_tta-container\"><span class=\"vc_tta-title-text\">Ne t\u00fcr spor etkinlikleri d\u00fczenliyorsunuz ?<\/span><i class=\"vc_tta-controls-icon vc_tta-controls-icon-plus\"><\/i><\/a><\/h4><\/div><div class=\"vc_tta-panel-body\">\n\t<div class=\"wpb_text_column wpb_content_element\" >\n\t\t<div class=\"wpb_wrapper\">\n\t\t\t<p>\u015eirketimiz \u00e7e\u015fitli spor dallar\u0131nda uluslararas\u0131 d\u00fczeyde etkinlikler d\u00fczenlemektedir. Bunlara futbol, \u200b\u200bbasketbol, \u200b\u200bvoleybol, tenis, y\u00fczme ve daha fazlas\u0131 dahildir.<\/p>\n\n\t\t<\/div>\n\t<\/div>\n<\/div><\/div><div class=\"vc_tta-panel\" id=\"1574397812647-99a54a4b-1e29\" data-vc-content=\".vc_tta-panel-body\"><div class=\"vc_tta-panel-heading\"><h4 class=\"vc_tta-panel-title vc_tta-controls-icon-position-right\"><a href=\"#1574397812647-99a54a4b-1e29\" data-vc-accordion data-vc-container=\".vc_tta-container\"><span class=\"vc_tta-title-text\">Etkinlikleriniz genellikle nerede yap\u0131l\u0131yor?<\/span><i class=\"vc_tta-controls-icon vc_tta-controls-icon-plus\"><\/i><\/a><\/h4><\/div><div class=\"vc_tta-panel-body\">\n\t<div class=\"wpb_text_column wpb_content_element\" >\n\t\t<div class=\"wpb_wrapper\">\n\t\t\t<p>D\u00fczenledi\u011fimiz spor etkinlikleri genellikle b\u00fcy\u00fck spor tesislerinde, stadyumlarda veya uygun mekanlarda yap\u0131lmaktad\u0131r. Uluslararas\u0131 etkinlikler genellikle b\u00fcy\u00fck \u015fehirlerde veya tan\u0131nm\u0131\u015f spor salonlar\u0131nda d\u00fczenlenmektedir.<\/p>\n\n\t\t<\/div>\n\t<\/div>\n<\/div><\/div><div class=\"vc_tta-panel\" id=\"1574397890371-5142bfca-d217\" data-vc-content=\".vc_tta-panel-body\"><div class=\"vc_tta-panel-heading\"><h4 class=\"vc_tta-panel-title vc_tta-controls-icon-position-right\"><a href=\"#1574397890371-5142bfca-d217\" data-vc-accordion data-vc-container=\".vc_tta-container\"><span class=\"vc_tta-title-text\">Spor etkinliklerinizde ne t\u00fcr g\u00fcvenlik \u00f6nlemleri uyguluyorsunuz?<\/span><i class=\"vc_tta-controls-icon vc_tta-controls-icon-plus\"><\/i><\/a><\/h4><\/div><div class=\"vc_tta-panel-body\">\n\t<div class=\"wpb_text_column wpb_content_element\" >\n\t\t<div class=\"wpb_wrapper\">\n\t\t\t<p>Kat\u0131l\u0131mc\u0131lar\u0131n ve seyircilerin emniyeti ve g\u00fcvenli\u011fi en \u00f6nemli \u00f6nceliklerimizdir. Her etkinlik \u00f6ncesinde kapsaml\u0131 g\u00fcvenlik planlar\u0131 olu\u015fturulmakta ve gerekli g\u00fcvenlik \u00f6nlemleri al\u0131nmaktad\u0131r. Ayr\u0131ca etkinlikler s\u0131ras\u0131nda acil m\u00fcdahale ekipleri ve t\u0131bbi hizmetler sahada haz\u0131r bulunuyor.<\/p>\n\n\t\t<\/div>\n\t<\/div>\n<\/div><\/div><div class=\"vc_tta-panel\" id=\"1574397899955-e0fdfa6e-d23c\" data-vc-content=\".vc_tta-panel-body\"><div class=\"vc_tta-panel-heading\"><h4 class=\"vc_tta-panel-title vc_tta-controls-icon-position-right\"><a href=\"#1574397899955-e0fdfa6e-d23c\" data-vc-accordion data-vc-container=\".vc_tta-container\"><span class=\"vc_tta-title-text\">Hangi end\u00fcstriyel ekipman par\u00e7alar\u0131n\u0131 tedarik ediyorsunuz?<\/span><i class=\"vc_tta-controls-icon vc_tta-controls-icon-plus\"><\/i><\/a><\/h4><\/div><div class=\"vc_tta-panel-body\">\n\t<div class=\"wpb_text_column wpb_content_element\" >\n\t\t<div class=\"wpb_wrapper\">\n\t\t\t<p>\u015eirketimiz, mekanik bile\u015fenler, elektronik bile\u015fenler, hidrolik ve pn\u00f6matik par\u00e7alar, yedek par\u00e7a setleri ve daha fazlas\u0131n\u0131 i\u00e7eren \u00e7ok \u00e7e\u015fitli end\u00fcstriyel ekipman par\u00e7alar\u0131 sunmaktad\u0131r.<\/p>\n\n\t\t<\/div>\n\t<\/div>\n<\/div><\/div><div class=\"vc_tta-panel\" id=\"1574397912180-543d82a5-3462\" data-vc-content=\".vc_tta-panel-body\"><div class=\"vc_tta-panel-heading\"><h4 class=\"vc_tta-panel-title vc_tta-controls-icon-position-right\"><a href=\"#1574397912180-543d82a5-3462\" data-vc-accordion data-vc-container=\".vc_tta-container\"><span class=\"vc_tta-title-text\">Nas\u0131l sipari\u015f vermeliyim?<\/span><i class=\"vc_tta-controls-icon vc_tta-controls-icon-plus\"><\/i><\/a><\/h4><\/div><div class=\"vc_tta-panel-body\">\n\t<div class=\"wpb_text_column wpb_content_element\" >\n\t\t<div class=\"wpb_wrapper\">\n\t\t\t<p>Web sitemizdeki sipari\u015f formunu doldurarak veya m\u00fc\u015fteri hizmetlerimizle ileti\u015fime ge\u00e7erek sipari\u015f verebilirsiniz. Sipari\u015finiz al\u0131nd\u0131ktan sonra en k\u0131sa s\u00fcrede i\u015fleme al\u0131nacakt\u0131r.<\/p>\n\n\t\t<\/div>\n\t<\/div>\n<\/div><\/div><div class=\"vc_tta-panel\" id=\"1574397915650-1f030d90-611c\" data-vc-content=\".vc_tta-panel-body\"><div class=\"vc_tta-panel-heading\"><h4 class=\"vc_tta-panel-title vc_tta-controls-icon-position-right\"><a href=\"#1574397915650-1f030d90-611c\" data-vc-accordion data-vc-container=\".vc_tta-container\"><span class=\"vc_tta-title-text\">\u0130ade veya de\u011fi\u015fim politikan\u0131z nedir?<\/span><i class=\"vc_tta-controls-icon vc_tta-controls-icon-plus\"><\/i><\/a><\/h4><\/div><div class=\"vc_tta-panel-body\">\n\t<div class=\"wpb_text_column wpb_content_element\" >\n\t\t<div class=\"wpb_wrapper\">\n\t\t\t<p>M\u00fc\u015fteri memnuniyeti bizim i\u00e7in \u00f6nemlidir. Herhangi bir sebepten memnun kalmad\u0131\u011f\u0131n\u0131z veya yanl\u0131\u015f \u00fcr\u00fcn ald\u0131\u011f\u0131n\u0131z takdirde m\u00fc\u015fteri hizmetlerimizle ileti\u015fime ge\u00e7erek iade veya de\u011fi\u015fim s\u00fcrecini ba\u015flatabilirsiniz. \u0130ade ve de\u011fi\u015fim politikam\u0131z hakk\u0131nda daha fazla bilgi i\u00e7in l\u00fctfen web sitemizi ziyaret edin veya bizimle ileti\u015fime ge\u00e7in.<\/p>\n\n\t\t<\/div>\n\t<\/div>\n<\/div><\/div><\/div><\/div><\/div><\/div><\/div><\/div><\/div><div class=\"wpb_column vc_column_container vc_col-sm-12 vc_col-lg-4 vc_col-md-4\"><div class=\"vc_column-inner vc_custom_1576238094836\"><div class=\"wpb_wrapper\"><div class=\"vc_row wpb_row vc_inner vc_row-fluid third_bg_color\"><div class=\"third_bg_color wpb_column vc_column_container vc_col-sm-12\"><div class=\"vc_column-inner vc_custom_1574398098802\"><div class=\"wpb_wrapper\"><div class=\"vc_custom_heading remove_padding text_align_left title_no_stripe\" ><h4 style=\"text-align: left\" class=\"consulting-custom-title\">HOW CAN WE<br \/>\nHELP YOU?<\/h4><\/div>\n\t<div class=\"wpb_text_column wpb_content_element vc_custom_1715867765692\" >\n\t\t<div class=\"wpb_wrapper\">\n\t\t\t<p>Akl\u0131n\u0131za tak\u0131lan di\u011fer sorular i\u00e7in l\u00fctfen bizimle ileti\u015fime ge\u00e7in.<\/p>\n\n\t\t<\/div>\n\t<\/div>\n<div class=\"vc_btn3-container vc_btn3-inline vc_do_btn\" ><a class=\"vc_general vc_btn3 vc_btn3-size-md vc_btn3-shape-rounded vc_btn3-style-flat vc_btn3-icon-left vc_btn3-color-white\" href=\"https:\/\/decafics.com\/tr\/contact\/\" title=\"\u0130LET\u0130S\u0130M\"><i class=\"vc_btn3-icon stm-lnr-phone\"><\/i> iLET\u0130S\u0130M<\/a><\/div><\/div><\/div><\/div><\/div><\/div><\/div><\/div><\/div>\n<\/div>","protected":false},"excerpt":{"rendered":"FAQAre there any security measures in place for the transfer ? Yes, customer security is a top priority for our company. All money transfer transactions are conducted through a secure platform, and your personal and financial information is kept confidential. Additionally, you will receive a confirmation once the transfer is completed. Are there any limitations","protected":false},"author":1,"featured_media":0,"parent":0,"menu_order":0,"comment_status":"closed","ping_status":"closed","template":"","meta":{"_joinchat":[],"footnotes":""},"class_list":["post-6168","page","type-page","status-publish","hentry"],"_links":{"self":[{"href":"https:\/\/decafics.com\/tr\/wp-json\/wp\/v2\/pages\/6168","targetHints":{"allow":["GET"]}}],"collection":[{"href":"https:\/\/decafics.com\/tr\/wp-json\/wp\/v2\/pages"}],"about":[{"href":"https:\/\/decafics.com\/tr\/wp-json\/wp\/v2\/types\/page"}],"author":[{"embeddable":true,"href":"https:\/\/decafics.com\/tr\/wp-json\/wp\/v2\/users\/1"}],"replies":[{"embeddable":true,"href":"https:\/\/decafics.com\/tr\/wp-json\/wp\/v2\/comments?post=6168"}],"version-history":[{"count":5,"href":"https:\/\/decafics.com\/tr\/wp-json\/wp\/v2\/pages\/6168\/revisions"}],"predecessor-version":[{"id":7394,"href":"https:\/\/decafics.com\/tr\/wp-json\/wp\/v2\/pages\/6168\/revisions\/7394"}],"wp:attachment":[{"href":"https:\/\/decafics.com\/tr\/wp-json\/wp\/v2\/media?parent=6168"}],"curies":[{"name":"wp","href":"https:\/\/api.w.org\/{rel}","templated":true}]}}