{"id":7234,"date":"2024-05-15T21:41:14","date_gmt":"2024-05-15T18:41:14","guid":{"rendered":"https:\/\/decafics.com\/?page_id=7234"},"modified":"2024-05-19T01:49:47","modified_gmt":"2024-05-18T22:49:47","slug":"professional-sports-organization","status":"publish","type":"page","link":"https:\/\/decafics.com\/tr\/professional-sports-organization\/","title":{"rendered":"Profesyonel Spor Organizasyonu"},"content":{"rendered":"<div class=\"wpb-content-wrapper\"><section class=\"vc_section vc_custom_1715802225429\"><div class=\"vc_row wpb_row vc_row-fluid\"><div class=\"wpb_column vc_column_container vc_col-sm-6\"><div class=\"vc_column-inner\"><div class=\"wpb_wrapper\"><div class=\"vc_empty_space\"   style=\"height: 32px\"><span class=\"vc_empty_space_inner\"><\/span><\/div>\n\t<div  class=\"wpb_single_image wpb_content_element vc_align_center wpb_content_element\">\n\t\t\n\t\t<figure class=\"wpb_wrapper vc_figure\">\n\t\t\t<div class=\"vc_single_image-wrapper   vc_box_border_grey\"><img loading=\"lazy\" decoding=\"async\" width=\"1200\" height=\"750\" src=\"https:\/\/decafics.com\/wp-content\/uploads\/2024\/05\/s2.webp\" class=\"vc_single_image-img attachment-full\" alt=\"\" title=\"s2\" srcset=\"https:\/\/decafics.com\/wp-content\/uploads\/2024\/05\/s2.webp 1200w, https:\/\/decafics.com\/wp-content\/uploads\/2024\/05\/s2-300x188.webp 300w, https:\/\/decafics.com\/wp-content\/uploads\/2024\/05\/s2-1024x640.webp 1024w, https:\/\/decafics.com\/wp-content\/uploads\/2024\/05\/s2-768x480.webp 768w, https:\/\/decafics.com\/wp-content\/uploads\/2024\/05\/s2-900x563.webp 900w, https:\/\/decafics.com\/wp-content\/uploads\/2024\/05\/s2-600x375.webp 600w\" sizes=\"auto, (max-width: 1200px) 100vw, 1200px\" \/><\/div>\n\t\t<\/figure>\n\t<\/div>\n<\/div><\/div><\/div><div class=\"wpb_column vc_column_container vc_col-sm-6\"><div class=\"vc_column-inner\"><div class=\"wpb_wrapper\">\n\t<div class=\"wpb_text_column wpb_content_element\" >\n\t\t<div class=\"wpb_wrapper\">\n\t\t\t<p><strong>Deca F.I.C.S <\/strong>Deca F.\u0130.C.S, spor organizasyonlar\u0131 konusunda uzmanla\u015fm\u0131\u015f bir etkinlik y\u00f6netim \u015firketidir. Profesyonel spor etkinliklerini planlama, y\u00f6netme ve y\u00fcr\u00fctme konusundaki geni\u015f deneyimimizle, birinci s\u0131n\u0131f hizmetler sunmak ve m\u00fc\u015fterilerimize unutulmaz etkinlik deneyimleri yaratmak i\u00e7in tutku ve uzmanl\u0131kla \u00e7al\u0131\u015f\u0131yoruz.<\/p>\n<p><strong>Vision<\/strong><\/p>\n<p>Vizyonumuz, m\u00fc\u015fterilerimize benzersiz ve unutulmaz spor deneyimleri sunarak sporun g\u00fcc\u00fcn\u00fc toplumun her kesimine yaymak, spor organizasyonlar\u0131 alan\u0131nda lider marka olmay\u0131 hedeflemektir.<\/p>\n<p><strong>Mission<\/strong><\/p>\n<p>Profesyonel yakla\u015f\u0131m\u0131m\u0131z ve sekt\u00f6r deneyimimizle m\u00fc\u015fterilerimizin beklentilerini a\u015fan yarat\u0131c\u0131 ve yenilik\u00e7i spor etkinlikleri d\u00fczenlemeyi hedefliyoruz. Sporun birle\u015ftirici g\u00fcc\u00fcnden yararlanarak topluma de\u011fer katmaya ve markam\u0131z\u0131 d\u00fcnya \u00e7ap\u0131nda tan\u0131tmaya \u00e7al\u0131\u015f\u0131yoruz.<\/p>\n\n\t\t<\/div>\n\t<\/div>\n<\/div><\/div><\/div><\/div><div class=\"vc_row wpb_row vc_row-fluid vc_custom_1715802524046\"><div class=\"wpb_column vc_column_container vc_col-sm-6\"><div class=\"vc_column-inner\"><div class=\"wpb_wrapper\">\n\t<div  class=\"wpb_single_image wpb_content_element vc_align_center wpb_content_element\">\n\t\t\n\t\t<figure class=\"wpb_wrapper vc_figure\">\n\t\t\t<div class=\"vc_single_image-wrapper   vc_box_border_grey\"><img loading=\"lazy\" decoding=\"async\" width=\"1200\" height=\"750\" src=\"https:\/\/decafics.com\/wp-content\/uploads\/2024\/05\/Spor2.webp\" class=\"vc_single_image-img attachment-full\" alt=\"\" title=\"Spor2\" srcset=\"https:\/\/decafics.com\/wp-content\/uploads\/2024\/05\/Spor2.webp 1200w, https:\/\/decafics.com\/wp-content\/uploads\/2024\/05\/Spor2-300x188.webp 300w, https:\/\/decafics.com\/wp-content\/uploads\/2024\/05\/Spor2-1024x640.webp 1024w, https:\/\/decafics.com\/wp-content\/uploads\/2024\/05\/Spor2-768x480.webp 768w, https:\/\/decafics.com\/wp-content\/uploads\/2024\/05\/Spor2-900x563.webp 900w, https:\/\/decafics.com\/wp-content\/uploads\/2024\/05\/Spor2-600x375.webp 600w\" sizes=\"auto, (max-width: 1200px) 100vw, 1200px\" \/><\/div>\n\t\t<\/figure>\n\t<\/div>\n<\/div><\/div><\/div><div class=\"wpb_column vc_column_container vc_col-sm-6\"><div class=\"vc_column-inner\"><div class=\"wpb_wrapper\">\n\t<div class=\"wpb_text_column wpb_content_element\" >\n\t\t<div class=\"wpb_wrapper\">\n\t\t\t<p><strong>Hizmetlerimiz<\/strong><\/p>\n<ul>\n<li>Profesyonel liglerin, turnuvalar\u0131n ve \u015fampiyonalar\u0131n planlanmas\u0131 ve y\u00f6netimi<\/li>\n<li>Spor etkinlikleri i\u00e7in tesis ve ekipman y\u00f6netimi<\/li>\n<li>Sponsorluk ve pazarlama faaliyetlerinin koordinasyonu<\/li>\n<li>Profesyonel sporcu ve tak\u0131mlar\u0131n organizasyonu ve y\u00f6netimi<\/li>\n<li>Spor etkinlikleri i\u00e7in bilet sat\u0131\u015f\u0131 ve misafir hizmetleri<\/li>\n<li>Medya ili\u015fkileri ve etkinlik yay\u0131nlar\u0131n\u0131n y\u00f6netimi<\/li>\n<\/ul>\n\n\t\t<\/div>\n\t<\/div>\n<div class=\"vc_btn3-container vc_btn3-inline vc_do_btn\" ><a style=\"background-color:#01a0e2; color:#ffffff;\" class=\"vc_general vc_btn3 vc_btn3-size-md vc_btn3-shape-rounded vc_btn3-style-custom\" href=\"https:\/\/decafics.com\/tr\/contact\/\" title=\"\u0130LET\u0130S\u0130M\">\u0130LET\u0130\u015e\u0130M<\/a><\/div><\/div><\/div><\/div><\/div><\/section>\n<\/div>","protected":false},"excerpt":{"rendered":"Deca F.I.C.S is an event management company specializing in sports organizations. With extensive experience in planning, managing, and executing professional sports events, we work with passion and expertise to provide top-notch services and create unforgettable event experiences for our clients. Vision Our vision is to spread the power of sports to all segments of society","protected":false},"author":1,"featured_media":0,"parent":0,"menu_order":0,"comment_status":"closed","ping_status":"closed","template":"","meta":{"_joinchat":[],"footnotes":""},"class_list":["post-7234","page","type-page","status-publish","hentry"],"_links":{"self":[{"href":"https:\/\/decafics.com\/tr\/wp-json\/wp\/v2\/pages\/7234","targetHints":{"allow":["GET"]}}],"collection":[{"href":"https:\/\/decafics.com\/tr\/wp-json\/wp\/v2\/pages"}],"about":[{"href":"https:\/\/decafics.com\/tr\/wp-json\/wp\/v2\/types\/page"}],"author":[{"embeddable":true,"href":"https:\/\/decafics.com\/tr\/wp-json\/wp\/v2\/users\/1"}],"replies":[{"embeddable":true,"href":"https:\/\/decafics.com\/tr\/wp-json\/wp\/v2\/comments?post=7234"}],"version-history":[{"count":5,"href":"https:\/\/decafics.com\/tr\/wp-json\/wp\/v2\/pages\/7234\/revisions"}],"predecessor-version":[{"id":7404,"href":"https:\/\/decafics.com\/tr\/wp-json\/wp\/v2\/pages\/7234\/revisions\/7404"}],"wp:attachment":[{"href":"https:\/\/decafics.com\/tr\/wp-json\/wp\/v2\/media?parent=7234"}],"curies":[{"name":"wp","href":"https:\/\/api.w.org\/{rel}","templated":true}]}}